{"id":20,"date":"2016-04-11T18:13:40","date_gmt":"2016-04-11T16:13:40","guid":{"rendered":"http:\/\/test.daphix.de\/?page_id=20"},"modified":"2025-05-16T15:08:08","modified_gmt":"2025-05-16T13:08:08","slug":"impressum","status":"publish","type":"page","link":"https:\/\/www.daphix.de\/index.php\/de\/impressum\/","title":{"rendered":"Impressum"},"content":{"rendered":"<p><a href=\"http:\/\/web.daphix.de\/index.php\/de\/startseite\/\">zur\u00fcck<\/a><\/p>\n<p><strong>DaPhi GmbH<\/strong><br \/>\nBornitzstra\u00dfe 51<br \/>\n10365 Berlin<br \/>\nTelefon: +49 (30) 338536 500<br \/>\nTelefon: +44 2030 025942 (UK)<br \/>\nTelefax: +49 (30) 338536 501<br \/>\nE-Mail: info [at] daphi.de<br \/>\nInternet: <a href=\"http:\/\/www.daphi.de\/\" target=\"_blank\" rel=\"noopener noreferrer\">www.daphi.de<\/a><\/p>\n<p>Vertretungsberechtigte Gesch\u00e4ftsf\u00fchrer: Daniel Strobl, Philipp Krey<br \/>\nRegistergericht: Amtsgericht Charlottenburg<br \/>\nHandelsregisternummer: HRB 117997 B<\/p>\n<p>Umsatzsteuer-Identifikationsnummer gem\u00e4\u00df \u00a7 27 a Umsatzsteuergesetz: DE 263760318<\/p>\n<p>Inhaltlich Verantwortliche gem\u00e4\u00df \u00a7 55 Abs. 2 RStV: Daniel Strobl, Philipp Krey<\/p>\n<p><strong>Haftungsausschluss<\/strong><\/p>\n<p>Alle Inhalte dieser Website wurden von uns mit gr\u00f6\u00dftm\u00f6glicher Sorgfalt erstellt. Wir bitten um Ihr Verst\u00e4ndnis, dass wir dennoch f\u00fcr die Richtigkeit, Vollst\u00e4ndigkeit und Aktualit\u00e4t der hinterlegten Informationen keine Gew\u00e4hr \u00fcbernehmen k\u00f6nnen. Die Nutzung der Inhalte der Webseiten erfolgt auf eigene Gefahr des Nutzers.<\/p>\n<p>Wir bem\u00fchen uns, den Dienst m\u00f6glichst unterbrechungsfrei zum Abruf anzubieten. Auch bei aller Sorgfalt k\u00f6nnen aber Ausfallzeiten nicht ausgeschlossen werden. Wir behalten uns daher das Recht vor, unser Angebot jederzeit zu \u00e4ndern oder einzustellen.<\/p>\n<p>Wir schlie\u00dfen die Haftung f\u00fcr Sch\u00e4den aus, die sich direkt oder indirekt aus der Verwendung dieser Website. Hiervon ausgenommen ist die Haftung f\u00fcr Vorsatz oder grobe Fahrl\u00e4ssigkeit auch unserer Vertreter und Erf\u00fcllungsgehilfen.<\/p>\n<p>Die Haftung wegen schuldhafter Verletzung des Lebens, des K\u00f6rpers oder der Gesundheit bleibt unber\u00fchrt; dies gilt auch f\u00fcr die zwingende Haftung nach dem Produkthaftungsgesetz.<\/p>\n<p>Diese Website enth\u00e4lt Links zu Seiten Dritter. Die externen Webseiten unterliegen der Haftung der jeweiligen Betreiber. Wir haben keinerlei Einfluss auf die aktuelle und zuk\u00fcnftige Gestaltung und auf die Inhalte der verlinkten Seiten Dritter. Das Setzen von externen Links bedeutet nicht, dass wir uns die hinter dem Verweis oder Link bereitstehenden Inhalte zu Eigen machen.<\/p>\n<p>\u00a9 photos: iStock.com<\/p>\n<p><a href=\"http:\/\/web.daphix.de\/index.php\/de\/startseite\/\">zur\u00fcck<\/a><\/p>\n","protected":false},"excerpt":{"rendered":"<p>zur\u00fcck DaPhi GmbH Bornitzstra\u00dfe 51 10365 Berlin Telefon: +49 (30) 338536 500 Telefon: +44 2030 025942 (UK) Telefax: +49 (30) 338536 501 E-Mail: info [at] daphi.de Internet: www.daphi.de Vertretungsberechtigte Gesch\u00e4ftsf\u00fchrer: Daniel Strobl, Philipp Krey Registergericht: Amtsgericht Charlottenburg Handelsregisternummer: HRB 117997 B Umsatzsteuer-Identifikationsnummer gem\u00e4\u00df \u00a7 27 a Umsatzsteuergesetz: DE 263760318 Inhaltlich Verantwortliche gem\u00e4\u00df \u00a7 55 Abs. [&hellip;]<\/p>\n","protected":false},"author":1,"featured_media":0,"parent":0,"menu_order":0,"comment_status":"closed","ping_status":"closed","template":"","meta":{"footnotes":""},"class_list":["post-20","page","type-page","status-publish","hentry"],"_links":{"self":[{"href":"https:\/\/www.daphix.de\/index.php\/wp-json\/wp\/v2\/pages\/20","targetHints":{"allow":["GET"]}}],"collection":[{"href":"https:\/\/www.daphix.de\/index.php\/wp-json\/wp\/v2\/pages"}],"about":[{"href":"https:\/\/www.daphix.de\/index.php\/wp-json\/wp\/v2\/types\/page"}],"author":[{"embeddable":true,"href":"https:\/\/www.daphix.de\/index.php\/wp-json\/wp\/v2\/users\/1"}],"replies":[{"embeddable":true,"href":"https:\/\/www.daphix.de\/index.php\/wp-json\/wp\/v2\/comments?post=20"}],"version-history":[{"count":9,"href":"https:\/\/www.daphix.de\/index.php\/wp-json\/wp\/v2\/pages\/20\/revisions"}],"predecessor-version":[{"id":903,"href":"https:\/\/www.daphix.de\/index.php\/wp-json\/wp\/v2\/pages\/20\/revisions\/903"}],"wp:attachment":[{"href":"https:\/\/www.daphix.de\/index.php\/wp-json\/wp\/v2\/media?parent=20"}],"curies":[{"name":"wp","href":"https:\/\/api.w.org\/{rel}","templated":true}]}}